{"id":16278,"date":"2022-12-01T11:25:28","date_gmt":"2022-12-01T10:25:28","guid":{"rendered":"https:\/\/www.fcsdrive.de\/?page_id=16278"},"modified":"2026-02-06T12:36:22","modified_gmt":"2026-02-06T11:36:22","slug":"kontakt","status":"publish","type":"page","link":"https:\/\/www.fcsdrive.de\/en\/kontakt\/","title":{"rendered":"Contact"},"content":{"rendered":"<div class=\"wpb-content-wrapper\">[mk_page_section bg_image=&#8221;https:\/\/www.fcsdrive.de\/wp-content\/uploads\/2018\/01\/technology-computer-chips-gigabyte.jpg&#8221; sidebar=&#8221;sidebar-1&#8243;][vc_column][mk_padding_divider size=&#8221;240&#8243;][\/vc_column][\/mk_page_section][vc_row][vc_column width=&#8221;2\/3&#8243;][mk_padding_divider size=&#8221;50&#8243;][vc_column_text css=&#8221;.vc_custom_1685088147289{margin-bottom: 0px !important;}&#8221;]\n<h1>Kontakt<\/h1>\n<h2>Automotive Business<\/h2>\n[\/vc_column_text][mk_contact_form title=&#8221;Kontakt&#8221; style=&#8221;classic&#8221; email=&#8221;info@fcsdrive.de&#8221;][mk_padding_divider size=&#8221;60&#8243;][\/vc_column][vc_column width=&#8221;1\/3&#8243;][vc_column_text css=&#8221;.vc_custom_1770367474842{margin-bottom: 0px !important;margin-left: 35px !important;border-left-width: 35px !important;padding-left: 35px !important;background-color: #efefef !important;}&#8221;]<strong><img decoding=\"async\" class=\"alignnone wp-image-15940\" src=\"https:\/\/www.fcsdrive.de\/wp-content\/uploads\/2019\/05\/fcsdrive_logo_v5_stefan_mit_rand_schrift_dicker-300x180.png\" alt=\"\" width=\"183\" height=\"110\" srcset=\"https:\/\/www.fcsdrive.de\/wp-content\/uploads\/2019\/05\/fcsdrive_logo_v5_stefan_mit_rand_schrift_dicker-300x180.png 300w, https:\/\/www.fcsdrive.de\/wp-content\/uploads\/2019\/05\/fcsdrive_logo_v5_stefan_mit_rand_schrift_dicker-768x462.png 768w, https:\/\/www.fcsdrive.de\/wp-content\/uploads\/2019\/05\/fcsdrive_logo_v5_stefan_mit_rand_schrift_dicker-1024x616.png 1024w\" sizes=\"(max-width: 183px) 100vw, 183px\" \/><\/strong><\/p>\n<p><strong>FCS DRIVE<\/strong><br \/>\nBl\u00fccherstra\u00dfe 8<br \/>\n65343 Eltville<\/p>\n<p><a href=\"tel:+4961239250350\">Tel: +49 (0) 6123 9250 350<\/a><br \/>\nFax: +49 6123 9250 359<\/p>\n<p><a href=\"mailto:info@fcs-drive.com\">info@fcs-drive.com<\/a><br \/>\n<a href=\"https:\/\/www.fcsdrive.de\/\">www.fcsdrive.de<\/a>[\/vc_column_text][\/vc_column][\/vc_row][vc_row][vc_column width=&#8221;2\/3&#8243;][vc_column_text margin_bottom=&#8221;0&#8243; css=&#8221;.vc_custom_1770377708405{margin-bottom: 0px !important;}&#8221;]<strong>Kontakt f\u00fcr Automobilh\u00e4ndler<\/strong><\/p>\n<p>Sie sind H\u00e4ndler? Damit Ihnen schnellstm\u00f6glich geholfen werden kann; wenden Sie sich bitte v an die<br \/>\nfolgenden Kontakte:<br \/>\nPeugeot: (+49) 6142 750 271<br \/>\nCitroen: (+49) 6142 750 270<br \/>\nDS: (+49) 6142 750 272<br \/>\nOpel: 0800 1810687<br \/>\nE-Mail: dac.eurdeutsch@mpsacom<br \/>\nFCS Drive Kontakt<br \/>\nDamit wir Ihnen bestm\u00f6glich helfen k\u00f6nnen; beachten Sie, dass Sie Ihr Anliegen so konkret wie m\u00f6glich<br \/>\nformulieren:[\/vc_column_text][\/vc_column][vc_column width=&#8221;1\/3&#8243;][\/vc_column][\/vc_row][vc_row disable_element=&#8221;yes&#8221;][vc_column width=&#8221;2\/3&#8243;][vc_column_text css=&#8221;.vc_custom_1673870613147{margin-bottom: 0px !important;}&#8221;]\n<h3>Kontakt f\u00fcr Automobilh\u00e4ndler<\/h3>\n[\/vc_column_text][vc_column_text css=&#8221;.vc_custom_1673870607098{margin-bottom: 0px !important;}&#8221;]Sie sind H\u00e4ndler? Damit Ihnen schnellstm\u00f6glich geholfen werden kann, wenden Sie sich bitte v an die folgenden Kontakte:<\/p>\n<p>Peugeot: (+49) 6142 750 271<br \/>\nCitroen: (+49) 6142 750 270<br \/>\nDS: \u00a0(+49) 6142 750 272<br \/>\nOpel: \u00a00800 1810687<\/p>\n<p>E-Mail: <a href=\"mailto:dac.eur.deutsch@mpsa.com\">dac.eur.deutsch@mpsa.com<\/a>[\/vc_column_text][mk_padding_divider size=&#8221;60&#8243;][vc_column_text css=&#8221;.vc_custom_1673870626530{margin-bottom: 0px !important;}&#8221;]\n<h3>FCS Drive Kontakt<\/h3>\n[\/vc_column_text][vc_column_text css=&#8221;.vc_custom_1673870379946{margin-bottom: 0px !important;}&#8221;]Damit wir Ihnen bestm\u00f6glich helfen k\u00f6nnen, beachten Sie, dass Sie Ihr Anliegen so konkret wie m\u00f6glich formulieren:[\/vc_column_text][\/vc_column][vc_column width=&#8221;1\/3&#8243;][vc_column_text css=&#8221;.vc_custom_1669890580089{margin-bottom: 0px !important;}&#8221;]<strong>FCS DRIVE<\/strong><\/p>\n<p>Rohrbergstra\u00dfe 23 A<br \/>\n65343 Eltville<\/p>\n<p><a href=\"tel:+4961239250350\">Tel: +49 (0) 6123 9250 350<\/a><br \/>\nFax: +49 6123 9250 359<\/p>\n<p><a href=\"mailto:info@fcs-drive.com\">info@fcs-drive.com<\/a><\/p>\n<p><a href=\"https:\/\/www.fcsdrive.de\/\">www.fcsdrive.de<\/a>[\/vc_column_text][\/vc_column][\/vc_row][vc_row][vc_column width=&#8221;1\/2&#8243;][mk_padding_divider size=&#8221;60&#8243;][\/vc_column][vc_column width=&#8221;1\/2&#8243;][\/vc_column][\/vc_row]\n<\/div>","protected":false},"excerpt":{"rendered":"<p>[mk_page_section bg_image=&#8221;https:\/\/www.fcsdrive.de\/wp-content\/uploads\/2018\/01\/technology-computer-chips-gigabyte.jpg&#8221; sidebar=&#8221;sidebar-1&#8243;][vc_column][mk_padding_divider size=&#8221;240&#8243;][\/vc_column][\/mk_page_section][vc_row][vc_column width=&#8221;2\/3&#8243;][mk_padding_divider size=&#8221;50&#8243;][vc_column_text css=&#8221;.vc_custom_1685088147289{margin-bottom: 0px !important;}&#8221;] Kontakt Automotive Business [\/vc_column_text][mk_contact_form title=&#8221;Kontakt&#8221; style=&#8221;classic&#8221; email=&#8221;info@fcsdrive.de&#8221;][mk_padding_divider size=&#8221;60&#8243;][\/vc_column][vc_column width=&#8221;1\/3&#8243;][vc_column_text css=&#8221;.vc_custom_1770367474842{margin-bottom: 0px !important;margin-left: 35px !important;border-left-width: 35px !important;padding-left: 35px !important;background-color: #efefef !important;}&#8221;] FCS DRIVE Bl\u00fccherstra\u00dfe 8 65343 Eltville Tel: +49 (0) 6123 9250 350 Fax: +49 6123 9250 359 info@fcs-drive.com www.fcsdrive.de[\/vc_column_text][\/vc_column][\/vc_row][vc_row][vc_column width=&#8221;2\/3&#8243;][vc_column_text margin_bottom=&#8221;0&#8243; css=&#8221;.vc_custom_1770377708405{margin-bottom: 0px !important;}&#8221;]Kontakt f\u00fcr Automobilh\u00e4ndler [&hellip;]<\/p>\n","protected":false},"author":1,"featured_media":0,"parent":0,"menu_order":0,"comment_status":"open","ping_status":"open","template":"","meta":{"rs_blank_template":"","rs_page_bg_color":"","slide_template_v7":"","footnotes":""},"class_list":["post-16278","page","type-page","status-publish","hentry"],"_links":{"self":[{"href":"https:\/\/www.fcsdrive.de\/en\/wp-json\/wp\/v2\/pages\/16278","targetHints":{"allow":["GET"]}}],"collection":[{"href":"https:\/\/www.fcsdrive.de\/en\/wp-json\/wp\/v2\/pages"}],"about":[{"href":"https:\/\/www.fcsdrive.de\/en\/wp-json\/wp\/v2\/types\/page"}],"author":[{"embeddable":true,"href":"https:\/\/www.fcsdrive.de\/en\/wp-json\/wp\/v2\/users\/1"}],"replies":[{"embeddable":true,"href":"https:\/\/www.fcsdrive.de\/en\/wp-json\/wp\/v2\/comments?post=16278"}],"version-history":[{"count":3,"href":"https:\/\/www.fcsdrive.de\/en\/wp-json\/wp\/v2\/pages\/16278\/revisions"}],"predecessor-version":[{"id":16678,"href":"https:\/\/www.fcsdrive.de\/en\/wp-json\/wp\/v2\/pages\/16278\/revisions\/16678"}],"wp:attachment":[{"href":"https:\/\/www.fcsdrive.de\/en\/wp-json\/wp\/v2\/media?parent=16278"}],"curies":[{"name":"wp","href":"https:\/\/api.w.org\/{rel}","templated":true}]}}